{"id":51,"date":"2026-03-14T22:21:04","date_gmt":"2026-03-14T21:21:04","guid":{"rendered":"https:\/\/venrok.sk\/kontakt\/"},"modified":"2026-03-16T16:54:09","modified_gmt":"2026-03-16T15:54:09","slug":"kontakt","status":"publish","type":"page","link":"https:\/\/venrok.sk\/de\/kontakt\/","title":{"rendered":"Kontakt"},"content":{"rendered":"<div class=\"wp-block-group alignfull is-style-ext-preset--group--natural-1--section ext-animate--on has-background-background-color has-background has-global-padding is-layout-constrained wp-block-group-is-layout-constrained is-style-ext-preset--group--natural-1--section--1\" id=\"contact\" style=\"margin-top:0;margin-bottom:0;padding-top:var(--wp--preset--spacing--70);padding-bottom:var(--wp--preset--spacing--70)\">\n<div class=\"wp-block-media-text alignwide is-stacked-on-mobile is-image-fill-element is-style-ext-preset--media-text--natural-1--card-1 ext-animate--on has-tertiary-background-color has-background is-style-ext-preset--media-text--natural-1--card-1--2\" style=\"grid-template-columns:48% auto\"><figure class=\"wp-block-media-text__media\"><img loading=\"lazy\" decoding=\"async\" width=\"1440\" height=\"960\" class=\"wp-image-70 size-full\" src=\"https:\/\/venrok.sk\/wp-content\/uploads\/2026\/03\/c1710b0ef1cdf1f94990ecbb6d2a392229f39340.jpg\" alt=\"\" style=\"object-position:50% 50%\" srcset=\"https:\/\/venrok.sk\/wp-content\/uploads\/2026\/03\/c1710b0ef1cdf1f94990ecbb6d2a392229f39340.jpg 1440w, https:\/\/venrok.sk\/wp-content\/uploads\/2026\/03\/c1710b0ef1cdf1f94990ecbb6d2a392229f39340-300x200.jpg 300w, https:\/\/venrok.sk\/wp-content\/uploads\/2026\/03\/c1710b0ef1cdf1f94990ecbb6d2a392229f39340-1024x683.jpg 1024w, https:\/\/venrok.sk\/wp-content\/uploads\/2026\/03\/c1710b0ef1cdf1f94990ecbb6d2a392229f39340-768x512.jpg 768w, https:\/\/venrok.sk\/wp-content\/uploads\/2026\/03\/c1710b0ef1cdf1f94990ecbb6d2a392229f39340-18x12.jpg 18w\" sizes=\"auto, (max-width: 1440px) 100vw, 1440px\" \/><\/figure><div class=\"wp-block-media-text__content\">\n<div class=\"wp-block-group alignwide ext-animate--on has-global-padding is-layout-constrained wp-container-core-group-is-layout-48493932 wp-block-group-is-layout-constrained\" style=\"padding-top:var(--wp--preset--spacing--55);padding-right:var(--wp--preset--spacing--55);padding-bottom:var(--wp--preset--spacing--55);padding-left:var(--wp--preset--spacing--55)\">\n<h3 class=\"wp-block-heading\">Kontaktdaten<\/h3>\n\n\n\n<p><strong>E-mail:<\/strong> dopl\u0148te@email.sk<\/p>\n\n\n\n<p><strong>Telefonnummer:<\/strong> +421 XXX XXX XXX<\/p>\n\n\n\n<p><strong>Sitz der Gesellschaft:<\/strong> Ulica 123, 000 00 Mesto, Slovensko<\/p>\n<\/div>\n<\/div><\/div>\n<\/div>","protected":false},"excerpt":{"rendered":"<p>Kontaktn\u00e9 \u00fadaje E-mail: dopl\u0148te@email.sk Telef\u00f3n: +421 XXX XXX XXX S\u00eddlo firmy: Ulica 123, 000 00 Mesto, Slovensko<\/p>","protected":false},"author":1,"featured_media":0,"parent":0,"menu_order":0,"comment_status":"closed","ping_status":"closed","template":"page-with-title","meta":{"_monsterinsights_skip_tracking":false,"_monsterinsights_sitenote_active":false,"_monsterinsights_sitenote_note":"","_monsterinsights_sitenote_category":0,"footnotes":""},"class_list":["post-51","page","type-page","status-publish","hentry"],"_links":{"self":[{"href":"https:\/\/venrok.sk\/de\/wp-json\/wp\/v2\/pages\/51","targetHints":{"allow":["GET"]}}],"collection":[{"href":"https:\/\/venrok.sk\/de\/wp-json\/wp\/v2\/pages"}],"about":[{"href":"https:\/\/venrok.sk\/de\/wp-json\/wp\/v2\/types\/page"}],"author":[{"embeddable":true,"href":"https:\/\/venrok.sk\/de\/wp-json\/wp\/v2\/users\/1"}],"replies":[{"embeddable":true,"href":"https:\/\/venrok.sk\/de\/wp-json\/wp\/v2\/comments?post=51"}],"version-history":[{"count":3,"href":"https:\/\/venrok.sk\/de\/wp-json\/wp\/v2\/pages\/51\/revisions"}],"predecessor-version":[{"id":237,"href":"https:\/\/venrok.sk\/de\/wp-json\/wp\/v2\/pages\/51\/revisions\/237"}],"wp:attachment":[{"href":"https:\/\/venrok.sk\/de\/wp-json\/wp\/v2\/media?parent=51"}],"curies":[{"name":"wp","href":"https:\/\/api.w.org\/{rel}","templated":true}]}}